{"id":1527,"date":"2022-09-16T10:01:26","date_gmt":"2022-09-16T10:01:26","guid":{"rendered":"https:\/\/backfit.es\/?page_id=1527"},"modified":"2022-09-16T10:01:30","modified_gmt":"2022-09-16T10:01:30","slug":"nota-legal","status":"publish","type":"page","link":"https:\/\/backfit.es\/es\/nota-legal\/","title":{"rendered":"Nota Legal"},"content":{"rendered":"\n<p><strong>NOTA\nLEGAL Y CONDICIONES DE USO DE LA WEB<\/strong><\/p>\n\n\n\n<p>El acceso\na la web <a href=\"https:\/\/backfit.es\/\">https:\/\/backfit.es\/<\/a> atribuye la condici\u00f3n de USUARIO e implica la aceptaci\u00f3n plena\ny sin reserva, desde dicho acceso y\/o uso, de la presente nota legal y de la\npol\u00edtica de privacidad en su \u00faltima versi\u00f3n. Por ello, aconsejamos que proceda\na la lectura de estos documentos, antes de utilizar las funcionalidades\nofrecidas por este sitio Web, as\u00ed como cada vez que acceda a \u00e9l, ya que nos\nreservamos el derecho de cambiar, modificar, a\u00f1adir o eliminar en cualquier\nmomento parte de estas condiciones.<\/p>\n\n\n\n<p>El mero\nacceso a esta Web no supone en ning\u00fan caso la existencia de una relaci\u00f3n\ncomercial entre el usuario y la web. <\/p>\n\n\n\n<p><strong>I. TITULAR DE LA WEB<\/strong><\/p>\n\n\n\n<p>A los efectos de lo previsto por el Art. 10 de la Ley 34\/ 2002,\nde 11 de julio, de Servicios de la Sociedad de la Informaci\u00f3n y de Comercio\nElectr\u00f3nico, se proporciona la siguiente informaci\u00f3n sobre la titular de esta\nWeb:<\/p>\n\n\n\n<ul class=\"wp-block-list\"><li><strong>Titular de la Web<\/strong>: Jaume Cresp\u00ed Palmer (<strong>BACKFIT<\/strong> en\nadelante)<\/li><li><strong>Domicilio\nsocial<\/strong>: calle Beatriu de Pin\u00f3s, 36, 1er 1a, 07005, Palma\n(Illes Balears)<\/li><li><strong>D.N.I. <\/strong>43085726X <strong><\/strong><\/li><li><strong>N\u00ba de colegiado <\/strong>10538 del\nColegio Oficial de Licenciados en Educaci\u00f3n F\u00edsica de les Illes Balears<\/li><\/ul>\n\n\n\n<p>Adem\u00e1s del domicilio social, se pone a disposici\u00f3n de los\nusuarios los siguientes canales para dirigir sus peticiones, cuestiones o\nreclamaciones:<\/p>\n\n\n\n<ul class=\"wp-block-list\"><li>Formulario\nde contacto de la web<\/li><li>Tel. 652\n375 527<\/li><li><a href=\"mailto:info@backfit.es\">info@backfit.es<\/a> &nbsp;&nbsp;<\/li><\/ul>\n\n\n\n<p><strong>II. CONDICIONES DE USO<\/strong><\/p>\n\n\n\n<p><strong>1. Introducci\u00f3n. <\/strong><strong>BACKFIT<\/strong>\nofrece en esta web informaci\u00f3n acerca\nde la escuela de espalda y salud a que se dedica para la prevenci\u00f3n y\ntratamiento del dolor de espaldas y las patolog\u00edas asociadas. As\u00ed mismo en esta\nweb encontrar\u00e1 informaci\u00f3n del m\u00e9todo de ejercicio integral Backfit. Accediendo y utilizando esta web, usted acuerda\nobligarse a las condiciones que a continuaci\u00f3n se exponen, por lo que se le\nrecomienda que lea cuidadosamente esta secci\u00f3n antes de iniciar su navegaci\u00f3n. <\/p>\n\n\n\n<p><strong>2. Obligaciones de los Usuarios. <\/strong>Los Usuarios se comprometen a utilizar esta Web de forma l\u00edcita,\nde acuerdo con lo dispuesto en las presentes condiciones y de forma que no\nproduzcan un perjuicio en los derechos o intereses de <strong>BACKFIT<\/strong> o de terceros. A\nt\u00edtulo enunciativo y en ning\u00fan caso limitativo o excluyente, el Usuario se\ncompromete igualmente a:<\/p>\n\n\n\n<ul class=\"wp-block-list\"><li>No incurrir en\nactividades ilegales o contrarias al orden p\u00fablico o a la buena fe;<\/li><li>No\nutilizar los datos publicados en la Web para el env\u00edo de comunicaciones no\nsolicitadas (spam).<\/li><li>No\nintroducir o difundir en la web informaci\u00f3n o contenidos falsos, enga\u00f1osos, ambiguos o inexactos de forma que induzcan a error a los\nreceptores de la informaci\u00f3n, ni tampoco\ndifundir contenidos de car\u00e1cter racista, xen\u00f3fobo, pornogr\u00e1fico, de apolog\u00eda\ndel terrorismo o atentatorio contra los derechos humanos o de los menores;<\/li><li>No realizar\nacciones que supongan o conlleven una violaci\u00f3n de los derechos de propiedad\nintelectual <strong>BACKFIT<\/strong> o de terceros;<\/li><li>No\nprovocar da\u00f1os en los sistemas f\u00edsicos y l\u00f3gicos de <strong>BACKFIT<\/strong>, de sus proveedores o de terceras personas;<\/li><li>No\nintroducir o difundir en la red virus inform\u00e1ticos o utilizar cualesquiera\notros sistemas f\u00edsicos o l\u00f3gicos que sean susceptibles de provocar los da\u00f1os\nanteriormente mencionados.<\/li><li>No\nsuprimir, alterar, eludir o manipular cualquier dispositivo de protecci\u00f3n o\nsistema de seguridad que estuviera instalado en las p\u00e1ginas de esta Web<\/li><\/ul>\n\n\n\n<p><strong>3. Exclusi\u00f3n de responsabilidad. <\/strong><strong>Esta Web se proporciona \u201ctal como est\u00e1\u201d y\nsu uso se realiza bajo el propio riesgo del Usuario, por lo que, ni <\/strong><strong>BACKFIT<\/strong><strong>, ni sus administradores, trabajadores,\nproveedores o colaboradores ser\u00e1n responsables por los da\u00f1os, de cualquier\nnaturaleza, directos o no, que deriven del uso de la Web, excluyendo\nexpresamente <\/strong><strong>BACKFIT<\/strong><strong>, en toda la medida prevista por la Ley,\ncualquier tipo de garant\u00edas, ya sean expresas o impl\u00edcitas.<\/strong><strong><\/strong><\/p>\n\n\n\n<p><strong>BACKFIT<\/strong> no garantiza la disponibilidad y accesibilidad de la Web, si\nbien realizar\u00e1 todos los esfuerzos que sean razonables en este sentido. En\nocasiones, podr\u00e1n producirse interrupciones por el tiempo que resulte necesario\npara la realizaci\u00f3n de las correspondientes operaciones de mantenimiento.<\/p>\n\n\n\n<p><strong>BACKFIT<\/strong> no se responsabiliza de posibles da\u00f1os derivados de\ninterferencias, interrupciones, virus inform\u00e1ticos, aver\u00edas telef\u00f3nicas o\ndesconexiones telef\u00f3nicas motivadas por causas ajenas a la citada entidad; de\nretrasos o bloqueos en el uso del presente sistema electr\u00f3nico causados por\ndeficiencias o sobrecargas en el centro procesador de datos, de l\u00edneas\ntelef\u00f3nicas, en el sistema de Internet o en otros sistemas el\u00e9ctricos; ni\ntampoco de cualquier otra alteraci\u00f3n que se pueda producir en el Software o\nHardware de los Usuarios. Tampoco garantiza la ausencia de virus, malwares,\ntroyanos u otros elementos que puedan producir alteraciones en el sistema\ninform\u00e1tico, documentos o ficheros del Usuario, excluyendo cualquier\nresponsabilidad por los da\u00f1os de cualquier clase causados al Usuario por este\nmotivo. De igual manera, <strong>BACKFIT<\/strong>\nno responder\u00e1 por los da\u00f1os causados por terceras personas mediante\nintromisiones ileg\u00edtimas fuera de su control. <\/p>\n\n\n\n<p>Tampoco responder\u00e1 de los da\u00f1os y perjuicios causados por el\nuso o mala utilizaci\u00f3n de los contenidos de la Web, ni por las consecuencias\nque pudieran derivarse de los errores, defectos u omisiones en los contenidos\nque pudieran aparecer en esta Web proporcionados por los propios Usuarios u\notros terceros. <strong>BACKFIT<\/strong> no asume obligaci\u00f3n ni responsabilidad alguna respecto de aquellos\nservicios que no preste directamente.<\/p>\n\n\n\n<p><strong>4. Enlaces externos. <\/strong>En ning\u00fan caso <strong>BACKFIT<\/strong>\nasumir\u00e1 responsabilidad alguna por los contenidos de los enlaces pertenecientes\na un sitio web ajeno, ni garantizar\u00e1 la disponibilidad t\u00e9cnica, calidad, fiabilidad,\nexactitud, amplitud, veracidad, validez y legalidad de cualquier material o\ninformaci\u00f3n contenida en ninguno de dichos hiperv\u00ednculos u otros sitios de\nInternet. Igualmente, la inclusi\u00f3n de estas conexiones externas no implicar\u00e1\nning\u00fan tipo de asociaci\u00f3n, fusi\u00f3n o participaci\u00f3n con las entidades conectadas.\n<strong><\/strong><\/p>\n\n\n\n<p><strong>5. Denegaci\u00f3n de acceso. <\/strong><strong>BACKFIT<\/strong> se reserva el derecho de denegar el acceso a la Web a aquellos\nUsuarios que incumplan las presentes condiciones; en caso de problemas t\u00e9cnicos\no de seguridad imprevistos; de inactividad de la cuenta durante un tiempo\nsignificativo; o en cumplimiento de un requerimiento y\/o de una orden policial,\njudicial o administrativa.<strong><\/strong><\/p>\n\n\n\n<p>Dicha denegaci\u00f3n se realizar\u00e1 a exclusiva discreci\u00f3n de <strong>BACKFIT<\/strong> y no dar\u00e1 lugar a ning\u00fan tipo de indemnizaci\u00f3n.<\/p>\n\n\n\n<p><strong>6. Publicaci\u00f3n de comentarios.<\/strong> La utilizaci\u00f3n de las funcionalidades\nparticipativas que se hagan disponibles en la Web se realizar\u00e1 bajo la propia\nresponsabilidad de los Usuarios. Atendiendo a lo previsto por el Art. 16.1 de\nla Ley 34\/2002, de 11 de julio, de servicios de la sociedad de la informaci\u00f3n y\nde comercio electr\u00f3nico, <strong>BACKFIT<\/strong>\nno se hace responsable por la informaci\u00f3n almacenada a petici\u00f3n de los usuarios\ny en particular respecto a las opiniones expresadas, ni tampoco de la\nexactitud, calidad, fiabilidad y correcci\u00f3n de la informaci\u00f3n que los usuarios\nincorporen. <strong>BACKFIT<\/strong> se reserva el derecho a retirar o no\npublicar todos aquellos comentarios y aportaciones que incumplan con las\npresentes condiciones de uso y especialmente los que vulneren el respeto a la\ndignidad de la persona, que sean discriminatorios, xen\u00f3fobos, racistas,\npornogr\u00e1ficos, que atenten contra la juventud o la infancia, el orden o la\nseguridad p\u00fablica o que, a su juicio, no resulten adecuados.<\/p>\n\n\n\n<p><strong>7. Tratamiento de datos personales. <\/strong>Los Usuarios consienten el tratamiento de\nsus datos personales con el alcance y en los t\u00e9rminos que se indican en nuestra\npol\u00edtica de privacidad, la cual est\u00e1 disponible en la home page de la Web,\nquedando asimismo dicha pol\u00edtica incorporada a las presentes condiciones por\nreferencia. En dicha pol\u00edtica, los Usuarios encontrar\u00e1n informaci\u00f3n sobre la\nmanera de ejercitar sus derechos de acceso, supresi\u00f3n, limitaci\u00f3n y\nrectificaci\u00f3n de su informaci\u00f3n personal, as\u00ed como el de oposici\u00f3n a su\ntratamiento y portabilidad.<strong><\/strong><\/p>\n\n\n\n<p><strong>8. Propiedad intelectual y derechos de autor. <\/strong>Sin perjuicio de\nlos contenidos proporcionados por los propios Usuarios o sobre los cuales terceros ostentasen derechos\nintelectuales, los derechos de propiedad intelectual de la Web, el nombre de\ndominio, su c\u00f3digo fuente, dise\u00f1o y estructura de navegaci\u00f3n y elementos en\nella contenidos (a t\u00edtulo enunciativo, im\u00e1genes, sonido, audio, v\u00eddeo,\nsoftware, o textos; marcas o logotipos, combinaciones de colores, estructura y\ndise\u00f1o, etc.) son titularidad de <strong>BACKFIT<\/strong> ,\na quien corresponde el ejercicio exclusivo de los derechos de explotaci\u00f3n de\nlos mismos en cualquier forma, y, en especial los derechos de reproducci\u00f3n,\ndistribuci\u00f3n, comunicaci\u00f3n p\u00fablica y transformaci\u00f3n, conforme a lo previsto por\nla vigente Ley de Propiedad Intelectual. Quedan expresamente prohibidas la\nreproducci\u00f3n, distribuci\u00f3n y la comunicaci\u00f3n p\u00fablica, incluida su modalidad de\npuesta a disposici\u00f3n, de la totalidad o parte de los contenidos de esta web en\ncualquier soporte y por cualquier medio t\u00e9cnico, sin la autorizaci\u00f3n de <strong>BACKFIT<\/strong> o, en su caso, de los terceros que ostenten los derechos de\npropiedad intelectual o de autor sobre los contenidos afectados. No obstante lo\nanterior, el usuario de la web podr\u00e1 visualizar los elementos de esta Web e\nincluso imprimirlos, copiarlos y almacenarlos en el disco duro de su ordenador\no en cualquier otro soporte f\u00edsico siempre y cuando sea, \u00fanica y\nexclusivamente, para su uso personal y privado. Aquellas entidades o personas\nque, previa autorizaci\u00f3n del titular de esta web, pretendan establecer un\nenlace con ella, deber\u00e1n garantizar que \u00fanicamente permite el acceso a esta Web\no servicio pero que no realiza reproducci\u00f3n de sus contenidos y servicios.<\/p>\n\n\n\n<p><strong>10. Nulidad de las cl\u00e1usulas. <\/strong>En caso de que una\ncl\u00e1usula de las presentes condiciones de uso fuese declarada nula, s\u00f3lo\nafectar\u00e1 a dicha disposici\u00f3n o a aquella parte que as\u00ed haya sido declarada,\nsubsistiendo las condiciones en todo lo dem\u00e1s y teni\u00e9ndose tal disposici\u00f3n, o la parte afectada,\npor no puesta.<strong><\/strong><\/p>\n\n\n\n<p><strong>11. Aceptaci\u00f3n. <\/strong>El acceso\na la Web y su utilizaci\u00f3n implican necesariamente que todas y cada una de las presentes\ncondiciones de uso son\nexpresamente aceptadas por usted. <\/p>\n\n\n\n<p><strong>12. Ley y jurisdicci\u00f3n aplicables. <\/strong>Sin perjuicio de los derechos reconocidos a\nlos consumidores por el Real\nDecreto Legislativo 1\/2007, de 16 de noviembre, la presente web se regir\u00e1 por la ley espa\u00f1ola con exclusi\u00f3n de\nsus reglas de conflicto de ley y cualquier\ncontroversia que pudiera derivarse de su\nutilizaci\u00f3n o de los servicios vinculados a la misma se someter\u00e1 a la\njurisdicci\u00f3n y competencia de los Juzgados y Tribunales de Inca (Illes Balears), renunciando expresamente\nlos usuarios a su fuero propio\nsi lo tuvieran.<\/p>\n\n\n\n<p>La Comisi\u00f3n Europea facilita una plataforma de resoluci\u00f3n de\nlitigios en l\u00ednea dirigida a los consumidores, pudiendo estos acceder a la\nmisma mediante el siguiente enlace:\nhttps:\/\/webgate.ec.europa.eu\/odr\/main\/index.cfm?event=main.home.chooseLanguage<\/p>\n\n\n\n<p>Versi\u00f3n\n1.1 \u2013 enero 2022 <\/p>\n","protected":false},"excerpt":{"rendered":"<p>NOTA LEGAL Y CONDICIONES DE USO DE LA WEB El acceso a la web https:\/\/backfit.es\/ atribuye la condici\u00f3n de USUARIO e implica la aceptaci\u00f3n plena y<span class=\"excerpt-hellip\"> [\u2026]<\/span><\/p>\n","protected":false},"author":1,"featured_media":0,"parent":0,"menu_order":0,"comment_status":"closed","ping_status":"closed","template":"","meta":{"footnotes":""},"class_list":["post-1527","page","type-page","status-publish","hentry"],"yoast_head":"<!-- This site is optimized with the Yoast SEO plugin v27.5 - https:\/\/yoast.com\/product\/yoast-seo-wordpress\/ -->\n<title>Nota Legal - Backfit<\/title>\n<meta name=\"robots\" content=\"index, follow, max-snippet:-1, max-image-preview:large, max-video-preview:-1\" \/>\n<link rel=\"canonical\" href=\"https:\/\/backfit.es\/es\/nota-legal\/\" \/>\n<meta property=\"og:locale\" content=\"es_ES\" \/>\n<meta property=\"og:type\" content=\"article\" \/>\n<meta property=\"og:title\" content=\"Nota Legal - Backfit\" \/>\n<meta property=\"og:description\" content=\"NOTA LEGAL Y CONDICIONES DE USO DE LA WEB El acceso a la web https:\/\/backfit.es\/ atribuye la condici\u00f3n de USUARIO e implica la aceptaci\u00f3n plena y [\u2026]\" \/>\n<meta property=\"og:url\" content=\"https:\/\/backfit.es\/es\/nota-legal\/\" \/>\n<meta property=\"og:site_name\" content=\"Backfit\" \/>\n<meta property=\"article:modified_time\" content=\"2022-09-16T10:01:30+00:00\" \/>\n<meta name=\"twitter:card\" content=\"summary_large_image\" \/>\n<meta name=\"twitter:label1\" content=\"Tiempo de lectura\" \/>\n\t<meta name=\"twitter:data1\" content=\"9 minutos\" \/>\n<script type=\"application\/ld+json\" class=\"yoast-schema-graph\">{\"@context\":\"https:\\\/\\\/schema.org\",\"@graph\":[{\"@type\":\"WebPage\",\"@id\":\"https:\\\/\\\/backfit.es\\\/es\\\/nota-legal\\\/\",\"url\":\"https:\\\/\\\/backfit.es\\\/es\\\/nota-legal\\\/\",\"name\":\"Nota Legal - Backfit\",\"isPartOf\":{\"@id\":\"https:\\\/\\\/backfit.es\\\/#website\"},\"datePublished\":\"2022-09-16T10:01:26+00:00\",\"dateModified\":\"2022-09-16T10:01:30+00:00\",\"breadcrumb\":{\"@id\":\"https:\\\/\\\/backfit.es\\\/es\\\/nota-legal\\\/#breadcrumb\"},\"inLanguage\":\"es\",\"potentialAction\":[{\"@type\":\"ReadAction\",\"target\":[\"https:\\\/\\\/backfit.es\\\/es\\\/nota-legal\\\/\"]}]},{\"@type\":\"BreadcrumbList\",\"@id\":\"https:\\\/\\\/backfit.es\\\/es\\\/nota-legal\\\/#breadcrumb\",\"itemListElement\":[{\"@type\":\"ListItem\",\"position\":1,\"name\":\"Inici\",\"item\":\"https:\\\/\\\/backfit.es\\\/es\\\/\"},{\"@type\":\"ListItem\",\"position\":2,\"name\":\"Nota Legal\"}]},{\"@type\":\"WebSite\",\"@id\":\"https:\\\/\\\/backfit.es\\\/#website\",\"url\":\"https:\\\/\\\/backfit.es\\\/\",\"name\":\"Backfit\",\"description\":\"Take a look into your back\",\"potentialAction\":[{\"@type\":\"SearchAction\",\"target\":{\"@type\":\"EntryPoint\",\"urlTemplate\":\"https:\\\/\\\/backfit.es\\\/?s={search_term_string}\"},\"query-input\":{\"@type\":\"PropertyValueSpecification\",\"valueRequired\":true,\"valueName\":\"search_term_string\"}}],\"inLanguage\":\"es\"}]}<\/script>\n<!-- \/ Yoast SEO plugin. -->","yoast_head_json":{"title":"Nota Legal - Backfit","robots":{"index":"index","follow":"follow","max-snippet":"max-snippet:-1","max-image-preview":"max-image-preview:large","max-video-preview":"max-video-preview:-1"},"canonical":"https:\/\/backfit.es\/es\/nota-legal\/","og_locale":"es_ES","og_type":"article","og_title":"Nota Legal - Backfit","og_description":"NOTA LEGAL Y CONDICIONES DE USO DE LA WEB El acceso a la web https:\/\/backfit.es\/ atribuye la condici\u00f3n de USUARIO e implica la aceptaci\u00f3n plena y [\u2026]","og_url":"https:\/\/backfit.es\/es\/nota-legal\/","og_site_name":"Backfit","article_modified_time":"2022-09-16T10:01:30+00:00","twitter_card":"summary_large_image","twitter_misc":{"Tiempo de lectura":"9 minutos"},"schema":{"@context":"https:\/\/schema.org","@graph":[{"@type":"WebPage","@id":"https:\/\/backfit.es\/es\/nota-legal\/","url":"https:\/\/backfit.es\/es\/nota-legal\/","name":"Nota Legal - Backfit","isPartOf":{"@id":"https:\/\/backfit.es\/#website"},"datePublished":"2022-09-16T10:01:26+00:00","dateModified":"2022-09-16T10:01:30+00:00","breadcrumb":{"@id":"https:\/\/backfit.es\/es\/nota-legal\/#breadcrumb"},"inLanguage":"es","potentialAction":[{"@type":"ReadAction","target":["https:\/\/backfit.es\/es\/nota-legal\/"]}]},{"@type":"BreadcrumbList","@id":"https:\/\/backfit.es\/es\/nota-legal\/#breadcrumb","itemListElement":[{"@type":"ListItem","position":1,"name":"Inici","item":"https:\/\/backfit.es\/es\/"},{"@type":"ListItem","position":2,"name":"Nota Legal"}]},{"@type":"WebSite","@id":"https:\/\/backfit.es\/#website","url":"https:\/\/backfit.es\/","name":"Backfit","description":"Take a look into your back","potentialAction":[{"@type":"SearchAction","target":{"@type":"EntryPoint","urlTemplate":"https:\/\/backfit.es\/?s={search_term_string}"},"query-input":{"@type":"PropertyValueSpecification","valueRequired":true,"valueName":"search_term_string"}}],"inLanguage":"es"}]}},"_links":{"self":[{"href":"https:\/\/backfit.es\/es\/wp-json\/wp\/v2\/pages\/1527","targetHints":{"allow":["GET"]}}],"collection":[{"href":"https:\/\/backfit.es\/es\/wp-json\/wp\/v2\/pages"}],"about":[{"href":"https:\/\/backfit.es\/es\/wp-json\/wp\/v2\/types\/page"}],"author":[{"embeddable":true,"href":"https:\/\/backfit.es\/es\/wp-json\/wp\/v2\/users\/1"}],"replies":[{"embeddable":true,"href":"https:\/\/backfit.es\/es\/wp-json\/wp\/v2\/comments?post=1527"}],"version-history":[{"count":1,"href":"https:\/\/backfit.es\/es\/wp-json\/wp\/v2\/pages\/1527\/revisions"}],"predecessor-version":[{"id":1528,"href":"https:\/\/backfit.es\/es\/wp-json\/wp\/v2\/pages\/1527\/revisions\/1528"}],"wp:attachment":[{"href":"https:\/\/backfit.es\/es\/wp-json\/wp\/v2\/media?parent=1527"}],"curies":[{"name":"wp","href":"https:\/\/api.w.org\/{rel}","templated":true}]}}